{"id":878,"date":"2018-07-26T09:47:23","date_gmt":"2018-07-26T07:47:23","guid":{"rendered":"http:\/\/tymoddycham.uj.edu.pl\/wordpress\/?page_id=878"},"modified":"2025-09-29T13:04:38","modified_gmt":"2025-09-29T11:04:38","slug":"wspolpraca","status":"publish","type":"page","link":"https:\/\/tymoddycham.uj.edu.pl\/index.php\/wspolpraca\/","title":{"rendered":"Wsp\u00f3\u0142praca"},"content":{"rendered":"\n<div class=\"wp-block-columns is-layout-flex wp-container-core-columns-is-layout-4 wp-block-columns-is-layout-flex\">\n<div class=\"wp-block-column is-layout-flow wp-block-column-is-layout-flow\" style=\"flex-basis:100%\">\n<div class=\"wp-block-columns is-layout-flex wp-container-core-columns-is-layout-3 wp-block-columns-is-layout-flex\">\n<div class=\"wp-block-column is-layout-flow wp-block-column-is-layout-flow\" style=\"flex-basis:100%\">\n<div class=\"wp-block-columns is-layout-flex wp-container-core-columns-is-layout-2 wp-block-columns-is-layout-flex\">\n<div class=\"wp-block-column has-white-background-color has-background has-small-font-size is-layout-flow wp-block-column-is-layout-flow\" style=\"flex-basis:100%\">\n<div class=\"wp-block-columns is-layout-flex wp-container-core-columns-is-layout-1 wp-block-columns-is-layout-flex\">\n<div class=\"wp-block-column is-layout-flow wp-block-column-is-layout-flow\">\n<div style=\"height:15px\" aria-hidden=\"true\" class=\"wp-block-spacer\"><\/div>\n\n\n\n<h3 class=\"wp-block-heading has-text-align-center\"><strong><strong>Nauka<\/strong><\/strong><\/h3>\n\n\n\n<div style=\"height:30px\" aria-hidden=\"true\" class=\"wp-block-spacer\"><\/div>\n\n\n<div class=\"wp-block-image\">\n<figure class=\"aligncenter size-large is-resized\"><img loading=\"lazy\" decoding=\"async\" width=\"563\" height=\"166\" src=\"https:\/\/tymoddycham.uj.edu.pl\/wp-content\/uploads\/2023\/10\/CMUJ_logo_pl-1.png\" alt=\"\" class=\"wp-image-1910\" style=\"width:220px\" srcset=\"https:\/\/tymoddycham.uj.edu.pl\/wp-content\/uploads\/2023\/10\/CMUJ_logo_pl-1.png 563w, https:\/\/tymoddycham.uj.edu.pl\/wp-content\/uploads\/2023\/10\/CMUJ_logo_pl-1-300x88.png 300w\" sizes=\"auto, (max-width: 563px) 100vw, 563px\" \/><\/figure><\/div>\n\n\n<div style=\"height:15px\" aria-hidden=\"true\" class=\"wp-block-spacer\"><\/div>\n\n\n\n<p class=\"has-text-align-center\">Katedra Fizjologii Wysi\u0142ku i Bioenergetyki Mi\u0119\u015bni<br>Wydzia\u0142 Nauk o Zdrowiu<br><strong>Collegium Medicum<\/strong><br><strong>Uniwersytet Jagiello\u0144ski<\/strong><\/p>\n\n\n\n<div style=\"height:30px\" aria-hidden=\"true\" class=\"wp-block-spacer\"><\/div>\n\n\n<div class=\"wp-block-image\">\n<figure class=\"aligncenter size-large is-resized\"><img loading=\"lazy\" decoding=\"async\" width=\"1024\" height=\"277\" src=\"https:\/\/tymoddycham.uj.edu.pl\/wp-content\/uploads\/2023\/10\/UR_logo-1024x277.png\" alt=\"\" class=\"wp-image-1908\" style=\"width:220px\" srcset=\"https:\/\/tymoddycham.uj.edu.pl\/wp-content\/uploads\/2023\/10\/UR_logo-1024x277.png 1024w, https:\/\/tymoddycham.uj.edu.pl\/wp-content\/uploads\/2023\/10\/UR_logo-300x81.png 300w, https:\/\/tymoddycham.uj.edu.pl\/wp-content\/uploads\/2023\/10\/UR_logo-768x208.png 768w, https:\/\/tymoddycham.uj.edu.pl\/wp-content\/uploads\/2023\/10\/UR_logo-1536x416.png 1536w, https:\/\/tymoddycham.uj.edu.pl\/wp-content\/uploads\/2023\/10\/UR_logo.png 1637w\" sizes=\"auto, (max-width: 1024px) 100vw, 1024px\" \/><\/figure><\/div>\n\n\n<div style=\"height:15px\" aria-hidden=\"true\" class=\"wp-block-spacer\"><\/div>\n\n\n\n<p class=\"has-text-align-center\">Katedra Zoologii i Dobrostanu Zwierz\u0105t<br>Wydzia\u0142 Hodowli i Biologii Zwierz\u0105t<br><strong>Uniwersytet Rolniczy w Krakowie<\/strong><\/p>\n\n\n\n<div style=\"height:30px\" aria-hidden=\"true\" class=\"wp-block-spacer\"><\/div>\n\n\n<div class=\"wp-block-image\">\n<figure class=\"aligncenter size-full is-resized\"><img loading=\"lazy\" decoding=\"async\" width=\"177\" height=\"285\" src=\"https:\/\/tymoddycham.uj.edu.pl\/wp-content\/uploads\/2025\/09\/zoo_krakow.png\" alt=\"\" class=\"wp-image-2002\" style=\"width:65px\"\/><\/figure><\/div>\n\n\n<div style=\"height:15px\" aria-hidden=\"true\" class=\"wp-block-spacer\"><\/div>\n\n\n\n<p class=\"has-text-align-center\"><strong>Ogr\u00f3d Zoologiczny w Krakowie<\/strong><\/p>\n\n\n\n<div style=\"height:15px\" aria-hidden=\"true\" class=\"wp-block-spacer\"><\/div>\n\n\n<div class=\"wp-block-image\">\n<figure class=\"aligncenter size-full is-resized\"><img loading=\"lazy\" decoding=\"async\" width=\"204\" height=\"192\" src=\"https:\/\/tymoddycham.uj.edu.pl\/wp-content\/uploads\/2025\/09\/zoo_chorzow.png\" alt=\"\" class=\"wp-image-2003\" style=\"width:150px\"\/><\/figure><\/div>\n\n\n<p class=\"has-text-align-center\"><strong>\u015al\u0105ski Ogr\u00f3d Zoologiczny<\/strong><\/p>\n<\/div>\n\n\n\n<div class=\"wp-block-column is-layout-flow wp-block-column-is-layout-flow\">\n<div style=\"height:15px\" aria-hidden=\"true\" class=\"wp-block-spacer\"><\/div>\n\n\n\n<h3 class=\"wp-block-heading has-text-align-center\"><strong>Samorz\u0105dy<\/strong><\/h3>\n\n\n\n<div style=\"height:30px\" aria-hidden=\"true\" class=\"wp-block-spacer\"><\/div>\n\n\n<div class=\"wp-block-image\">\n<figure class=\"aligncenter size-medium is-resized\"><img loading=\"lazy\" decoding=\"async\" width=\"260\" height=\"300\" src=\"https:\/\/tymoddycham.uj.edu.pl\/wp-content\/uploads\/2018\/09\/Kalwaria-Z-260x300.png\" alt=\"\" class=\"wp-image-1018\" style=\"width:65px;height:75px\" srcset=\"https:\/\/tymoddycham.uj.edu.pl\/wp-content\/uploads\/2018\/09\/Kalwaria-Z-260x300.png 260w, https:\/\/tymoddycham.uj.edu.pl\/wp-content\/uploads\/2018\/09\/Kalwaria-Z-768x887.png 768w, https:\/\/tymoddycham.uj.edu.pl\/wp-content\/uploads\/2018\/09\/Kalwaria-Z-887x1024.png 887w, https:\/\/tymoddycham.uj.edu.pl\/wp-content\/uploads\/2018\/09\/Kalwaria-Z.png 1755w\" sizes=\"auto, (max-width: 260px) 100vw, 260px\" \/><\/figure><\/div>\n\n\n<div style=\"height:15px\" aria-hidden=\"true\" class=\"wp-block-spacer\"><\/div>\n\n\n\n<p class=\"has-text-align-center\"><strong>Gmina Kalwaria Zebrzydowska<\/strong><br>(wsp\u00f3\u0142praca trwa od 2017 roku)<\/p>\n\n\n\n<div style=\"height:30px\" aria-hidden=\"true\" class=\"wp-block-spacer\"><\/div>\n\n\n<div class=\"wp-block-image\">\n<figure class=\"aligncenter size-full is-resized\"><img loading=\"lazy\" decoding=\"async\" width=\"201\" height=\"300\" src=\"https:\/\/tymoddycham.uj.edu.pl\/wp-content\/uploads\/2023\/10\/skawina_logo.png\" alt=\"\" class=\"wp-image-1920\" style=\"width:60px;height:90px\"\/><\/figure><\/div>\n\n\n<div style=\"height:15px\" aria-hidden=\"true\" class=\"wp-block-spacer\"><\/div>\n\n\n\n<p class=\"has-text-align-center\"><strong>Gmina Skawina<\/strong><br>(wsp\u00f3\u0142praca od 2017 do 2022 roku)<\/p>\n<\/div>\n\n\n\n<div class=\"wp-block-column is-layout-flow wp-block-column-is-layout-flow\">\n<div style=\"height:15px\" aria-hidden=\"true\" class=\"wp-block-spacer\"><\/div>\n\n\n\n<h3 class=\"wp-block-heading has-text-align-center\"><strong>Opieka i rekreacja<\/strong><\/h3>\n\n\n\n<div style=\"height:30px\" aria-hidden=\"true\" class=\"wp-block-spacer\"><\/div>\n\n\n<div class=\"wp-block-image\">\n<figure class=\"aligncenter size-large is-resized\"><img loading=\"lazy\" decoding=\"async\" width=\"1024\" height=\"583\" src=\"https:\/\/tymoddycham.uj.edu.pl\/wp-content\/uploads\/2025\/09\/Nemo_Dabrowa_logo-1024x583.jpeg\" alt=\"\" class=\"wp-image-2001\" style=\"width:200px\" srcset=\"https:\/\/tymoddycham.uj.edu.pl\/wp-content\/uploads\/2025\/09\/Nemo_Dabrowa_logo-1024x583.jpeg 1024w, https:\/\/tymoddycham.uj.edu.pl\/wp-content\/uploads\/2025\/09\/Nemo_Dabrowa_logo-300x171.jpeg 300w, https:\/\/tymoddycham.uj.edu.pl\/wp-content\/uploads\/2025\/09\/Nemo_Dabrowa_logo-768x437.jpeg 768w, https:\/\/tymoddycham.uj.edu.pl\/wp-content\/uploads\/2025\/09\/Nemo_Dabrowa_logo.jpeg 1200w\" sizes=\"auto, (max-width: 1024px) 100vw, 1024px\" \/><\/figure><\/div>\n\n\n<div style=\"height:15px\" aria-hidden=\"true\" class=\"wp-block-spacer\"><\/div>\n\n\n\n<p class=\"has-text-align-center\"><strong>Nemo \u015awiat Rozrywki<\/strong><\/p>\n\n\n\n<div style=\"height:30px\" aria-hidden=\"true\" class=\"wp-block-spacer\"><\/div>\n\n\n<div class=\"wp-block-image\">\n<figure class=\"aligncenter size-full is-resized\"><img loading=\"lazy\" decoding=\"async\" width=\"231\" height=\"72\" src=\"https:\/\/tymoddycham.uj.edu.pl\/wp-content\/uploads\/2025\/09\/1.logo-lesna-polana-1.jpg\" alt=\"\" class=\"wp-image-2010\" style=\"width:250px\"\/><\/figure><\/div>\n\n\n<div style=\"height:15px\" aria-hidden=\"true\" class=\"wp-block-spacer\"><\/div>\n\n\n\n<p class=\"has-text-align-center\"><strong>Niepubliczne Przedszkole<\/strong><br><strong>\u201eLE\u015aNA POLANA\u201d<\/strong><\/p>\n\n\n\n<div style=\"height:30px\" aria-hidden=\"true\" class=\"wp-block-spacer\"><\/div>\n\n\n<div class=\"wp-block-image\">\n<figure class=\"aligncenter size-full is-resized\"><img loading=\"lazy\" decoding=\"async\" width=\"819\" height=\"1104\" src=\"https:\/\/tymoddycham.uj.edu.pl\/wp-content\/uploads\/2025\/09\/zpo_wola_radziszowska.jpg\" alt=\"\" class=\"wp-image-2012\" style=\"width:75px\" srcset=\"https:\/\/tymoddycham.uj.edu.pl\/wp-content\/uploads\/2025\/09\/zpo_wola_radziszowska.jpg 819w, https:\/\/tymoddycham.uj.edu.pl\/wp-content\/uploads\/2025\/09\/zpo_wola_radziszowska-223x300.jpg 223w, https:\/\/tymoddycham.uj.edu.pl\/wp-content\/uploads\/2025\/09\/zpo_wola_radziszowska-760x1024.jpg 760w, https:\/\/tymoddycham.uj.edu.pl\/wp-content\/uploads\/2025\/09\/zpo_wola_radziszowska-768x1035.jpg 768w\" sizes=\"auto, (max-width: 819px) 100vw, 819px\" \/><\/figure><\/div>\n\n\n<div style=\"height:15px\" aria-hidden=\"true\" class=\"wp-block-spacer\"><\/div>\n\n\n\n<p class=\"has-text-align-center\"><strong>Przedszkole Samorz\u0105dowe<\/strong><br><strong>w Woli Radziszowskiej<\/strong><\/p>\n<\/div>\n<\/div>\n<\/div>\n<\/div>\n<\/div>\n<\/div>\n<\/div>\n<\/div>\n\n\n\n<p><\/p>\n","protected":false},"excerpt":{"rendered":"<p>Nauka Katedra Fizjologii Wysi\u0142ku i Bioenergetyki Mi\u0119\u015bniWydzia\u0142 Nauk o ZdrowiuCollegium MedicumUniwersytet Jagiello\u0144ski Katedra Zoologii i Dobrostanu Zwierz\u0105tWydzia\u0142 Hodowli i Biologii Zwierz\u0105tUniwersytet Rolniczy w Krakowie Ogr\u00f3d Zoologiczny w Krakowie \u015al\u0105ski Ogr\u00f3d Zoologiczny Samorz\u0105dy Gmina Kalwaria Zebrzydowska(wsp\u00f3\u0142praca trwa od 2017 roku) Gmina Skawina(wsp\u00f3\u0142praca od 2017 do 2022 roku) Opieka i rekreacja Nemo \u015awiat Rozrywki Niepubliczne Przedszkole\u201eLE\u015aNA POLANA\u201d &#8230; <a title=\"Wsp\u00f3\u0142praca\" class=\"read-more\" href=\"https:\/\/tymoddycham.uj.edu.pl\/index.php\/wspolpraca\/\">Read more<span class=\"screen-reader-text\">Wsp\u00f3\u0142praca<\/span><\/a><\/p>\n","protected":false},"author":1,"featured_media":0,"parent":0,"menu_order":0,"comment_status":"closed","ping_status":"closed","template":"","meta":{"generate_page_header":"","footnotes":""},"class_list":["post-878","page","type-page","status-publish"],"_links":{"self":[{"href":"https:\/\/tymoddycham.uj.edu.pl\/index.php\/wp-json\/wp\/v2\/pages\/878","targetHints":{"allow":["GET"]}}],"collection":[{"href":"https:\/\/tymoddycham.uj.edu.pl\/index.php\/wp-json\/wp\/v2\/pages"}],"about":[{"href":"https:\/\/tymoddycham.uj.edu.pl\/index.php\/wp-json\/wp\/v2\/types\/page"}],"author":[{"embeddable":true,"href":"https:\/\/tymoddycham.uj.edu.pl\/index.php\/wp-json\/wp\/v2\/users\/1"}],"replies":[{"embeddable":true,"href":"https:\/\/tymoddycham.uj.edu.pl\/index.php\/wp-json\/wp\/v2\/comments?post=878"}],"version-history":[{"count":57,"href":"https:\/\/tymoddycham.uj.edu.pl\/index.php\/wp-json\/wp\/v2\/pages\/878\/revisions"}],"predecessor-version":[{"id":2033,"href":"https:\/\/tymoddycham.uj.edu.pl\/index.php\/wp-json\/wp\/v2\/pages\/878\/revisions\/2033"}],"wp:attachment":[{"href":"https:\/\/tymoddycham.uj.edu.pl\/index.php\/wp-json\/wp\/v2\/media?parent=878"}],"curies":[{"name":"wp","href":"https:\/\/api.w.org\/{rel}","templated":true}]}}