{"id":841,"date":"2018-07-25T14:18:52","date_gmt":"2018-07-25T12:18:52","guid":{"rendered":"http:\/\/tymoddycham.uj.edu.pl\/wordpress\/?page_id=841"},"modified":"2020-02-11T19:13:47","modified_gmt":"2020-02-11T18:13:47","slug":"wszystkie-stacje-n","status":"publish","type":"page","link":"https:\/\/tymoddycham.uj.edu.pl\/index.php\/wszystkie-stacje-n\/","title":{"rendered":"Wszystkie stacje &#8211; n"},"content":{"rendered":"<h1>Wszystkie stacje pomiarowe<\/h1>\n<p><strong><small>WYBIERZ PARAMETR: <\/small><\/strong>\u00a0\u00a0\u00a0\u00a0\u00a0<a href=\"http:\/\/tymoddycham.uj.edu.pl\/\"><small>PY\u0141 ZAWIESZONY<\/small><\/a>\u00a0\u00a0\u00a0\u00a0\u00a0<a href=\"http:\/\/tymoddycham.uj.edu.pl\/index.php\/wszystkie-stacje-n\/\"><small>LICZBA CZ\u0104STEK<\/small><\/a>\u00a0\u00a0\u00a0\u00a0\u00a0<a href=\"http:\/\/tymoddycham.uj.edu.pl\/index.php\/wszystkie-stacje-pr\/\"><small>CI\u015aNIENIE<\/small><\/a>\u00a0\u00a0\u00a0\u00a0\u00a0<a href=\"http:\/\/tymoddycham.uj.edu.pl\/index.php\/wszystkie-stacje-t\/\"><small>TEMPERATURA<\/small><\/a><\/p>\n<p>Mapa aktualnej sytuacji: <strong>Liczba cz\u0105stek py\u0142u zawieszonego\u00a0<\/strong><strong>w jednym litrze powietrza, kt\u00f3rych\u00a0<\/strong><strong>\u015brednica aerodynamiczna jest w zakresie: 0.5 \u03bcm &lt; \u2205\u00a0 \u2264 2.5 \u03bcm\u00a0\u00a0<\/strong><\/p>\n\n<!DOCTYPE html>\n<html xmlns=\"http:\/\/www.w3c.org\/1999\/xhtml\" xml:lang=\"pl\" lang=\"pl\">\n<head>\n  <META http-equiv=Content-Type content=\"text\/html; charset=windows-1250\">\n  <title>Storm&DustNet  Mapa: stezenie pylu zawieszonego PM10 w powietrzu<\/title>\n  <meta name=\"viewport\" content=\"width=device-width, initial-scale=1.0\">\n\n  <link rel=\"shortcut icon\" type=\"image\/x-icon\" href=\"docs\/images\/favicon.ico\" \/>\n\n  <link rel=\"stylesheet\" href=\"https:\/\/unpkg.com\/leaflet@1.3.1\/dist\/leaflet.css\" integrity=\"sha512-Rksm5RenBEKSKFjgI3a41vrjkw4EVPlJ3+OiI65vTjIdo9brlAacEuKOiQ5OFh7cOI1bkDwLqdLw3Zg0cRJAAQ==\" crossorigin=\"\"\/>\n  <script src=\"https:\/\/unpkg.com\/leaflet@1.3.1\/dist\/leaflet.js\" integrity=\"sha512-\/Nsx9X4HebavoBvEBuyp3I7od5tA0UzAxs+j83KgC8PU0kgB4XiK4Lfe4y4cgBtaRJQEIFCW+oC506aPT2L1zw==\" crossorigin=\"\"><\/script>\n    \n  <meta http-equiv=\"Refresh\" content=\"300\" \/>\n<\/head>\n\n<body>\n<div>\n  \n       <div style=\"margin-left:0px; margin-right:0px; width:100%; height: 700px;  background-color:white\">\n         <div id=\"mapid\" style=\"margin-left:0px; margin-right:0px; width: 100%; height: 100%;\" ><\/div>\n       <\/div>\n\n       \n<script>  \n\n\n      var mymap = L.map('mapid').setView([50.010643,19.9045711721], 11);\n      \n      L.tileLayer('https:\/\/{s}.tile.openstreetmap.org\/{z}\/{x}\/{y}.png', {\n        maxZoom: 14,\n        attribution: 'Map data &copy; <a href=\"https:\/\/www.openstreetmap.org\/\">OpenStreetMap<\/a> contributors, ' +\n          '<a href=\"https:\/\/creativecommons.org\/licenses\/by-sa\/2.0\/\">CC-BY-SA<\/a>, ' +\n          'Imagery &copy; <a href=\"https:\/\/www.mapbox.com\/\">Mapbox<\/a>',\n        id: 'mapbox.streets'\n      }).addTo(mymap);\n      mymap.fitBounds( [[49.8516,18.9964],[50.3192,19.9045] ]);\n           L.control.scale().addTo(mymap); \n        \nL.circle([49.8874, 19.7325],400,{color: ' #800000 ', fillColor: '#800000',fillOpacity: 0.8}).addTo(mymap).bindPopup('   Kalwaria Z. - Zarzyce Wielkie <br\/> N:  16397.6  1\/L<br\/> <a href=\"https:\/\/tymoddycham.uj.edu.pl\/wykresy\/svg\/unit0030_n.png\" target=_blank> <img decoding=\"async\" src=\"https:\/\/tymoddycham.uj.edu.pl\/wykresy\/svg\/unit0030_n.png\" width=\"200px\"> <\/a> ');  \nL.circle([49.8647, 19.5977],400,{color: ' #800000 ', fillColor: '#800000',fillOpacity: 0.8}).addTo(mymap).bindPopup('   Kalwaria Z. - Barwald Sredni <br\/> N:  16189.0  1\/L<br\/> <a href=\"https:\/\/tymoddycham.uj.edu.pl\/wykresy\/svg\/unit0034_n.png\" target=_blank> <img decoding=\"async\" src=\"https:\/\/tymoddycham.uj.edu.pl\/wykresy\/svg\/unit0034_n.png\" width=\"200px\"> <\/a> ');  \nL.circle([49.9023, 19.6589],400,{color: ' #800000 ', fillColor: '#800000',fillOpacity: 0.8}).addTo(mymap).bindPopup('   Kalwaria Z. - Stanislaw Dolny 73 <br\/> N:  8943.6  1\/L<br\/> <a href=\"https:\/\/tymoddycham.uj.edu.pl\/wykresy\/svg\/unit0037_n.png\" target=_blank> <img decoding=\"async\" src=\"https:\/\/tymoddycham.uj.edu.pl\/wykresy\/svg\/unit0037_n.png\" width=\"200px\"> <\/a> ');  \nL.circle([49.8644, 19.6922],400,{color: ' #800000 ', fillColor: '#800000',fillOpacity: 0.8}).addTo(mymap).bindPopup('   Kalwaria Z. - Brody <br\/> N:  12334.2  1\/L<br\/> <a href=\"https:\/\/tymoddycham.uj.edu.pl\/wykresy\/svg\/unit0040_n.png\" target=_blank> <img decoding=\"async\" src=\"https:\/\/tymoddycham.uj.edu.pl\/wykresy\/svg\/unit0040_n.png\" width=\"200px\"> <\/a> ');  \nL.circle([49.8627, 19.6186],400,{color: ' #800000 ', fillColor: '#800000',fillOpacity: 0.8}).addTo(mymap).bindPopup('   Kalwaria Z. - Barwald Gorny <br\/> N:  6322.8  1\/L<br\/> <a href=\"https:\/\/tymoddycham.uj.edu.pl\/wykresy\/svg\/unit0041_n.png\" target=_blank> <img decoding=\"async\" src=\"https:\/\/tymoddycham.uj.edu.pl\/wykresy\/svg\/unit0041_n.png\" width=\"200px\"> <\/a> ');  \nL.circle([49.8976, 19.7361],400,{color: ' #800000 ', fillColor: '#800000',fillOpacity: 0.8}).addTo(mymap).bindPopup('   Kalwaria Z. - Lencze <br\/> N:  12264.6  1\/L<br\/> <a href=\"https:\/\/tymoddycham.uj.edu.pl\/wykresy\/svg\/unit0042_n.png\" target=_blank> <img decoding=\"async\" src=\"https:\/\/tymoddycham.uj.edu.pl\/wykresy\/svg\/unit0042_n.png\" width=\"200px\"> <\/a> ');  \nL.circle([49.914, 19.6912],400,{color: ' #800000 ', fillColor: '#800000',fillOpacity: 0.8}).addTo(mymap).bindPopup('   Kalwaria Z. - Przytkowice <br\/> N:  6182.6  1\/L<br\/> <a href=\"https:\/\/tymoddycham.uj.edu.pl\/wykresy\/svg\/unit0045_n.png\" target=_blank> <img decoding=\"async\" src=\"https:\/\/tymoddycham.uj.edu.pl\/wykresy\/svg\/unit0045_n.png\" width=\"200px\"> <\/a> ');  \nL.circle([49.8846, 19.6717],400,{color: ' #800000 ', fillColor: '#800000',fillOpacity: 0.8}).addTo(mymap).bindPopup('   Kalwaria Z. - Zebrzydowice <br\/> N:  14810.8  1\/L<br\/> <a href=\"https:\/\/tymoddycham.uj.edu.pl\/wykresy\/svg\/unit0047_n.png\" target=_blank> <img decoding=\"async\" src=\"https:\/\/tymoddycham.uj.edu.pl\/wykresy\/svg\/unit0047_n.png\" width=\"200px\"> <\/a> ');  \nL.circle([49.8919, 19.6427],400,{color: ' #800000 ', fillColor: '#800000',fillOpacity: 0.8}).addTo(mymap).bindPopup('   Kalwaria Z. - Stanislaw Dolny 256 <br\/> N:  3476.1  1\/L<br\/> <a href=\"https:\/\/tymoddycham.uj.edu.pl\/wykresy\/svg\/unit0048_n.png\" target=_blank> <img decoding=\"async\" src=\"https:\/\/tymoddycham.uj.edu.pl\/wykresy\/svg\/unit0048_n.png\" width=\"200px\"> <\/a> ');  \nL.circle([49.8516, 19.6728],400,{color: ' #800000 ', fillColor: '#800000',fillOpacity: 0.8}).addTo(mymap).bindPopup('   Kalwaria Z. - Bugaj <br\/> N:  1793.0  1\/L<br\/> <a href=\"https:\/\/tymoddycham.uj.edu.pl\/wykresy\/svg\/unit0050_n.png\" target=_blank> <img decoding=\"async\" src=\"https:\/\/tymoddycham.uj.edu.pl\/wykresy\/svg\/unit0050_n.png\" width=\"200px\"> <\/a> ');  \nL.circle([49.8682, 19.6776],400,{color: ' #800000 ', fillColor: '#800000',fillOpacity: 0.8}).addTo(mymap).bindPopup('   Kalwaria Z. - Urzad Miasta <br\/> N:  6124.6  1\/L<br\/> <a href=\"https:\/\/tymoddycham.uj.edu.pl\/wykresy\/svg\/unit0051_n.png\" target=_blank> <img decoding=\"async\" src=\"https:\/\/tymoddycham.uj.edu.pl\/wykresy\/svg\/unit0051_n.png\" width=\"200px\"> <\/a> ');  \nL.circle([49.87, 19.6793],400,{color: ' #800000 ', fillColor: '#800000',fillOpacity: 0.8}).addTo(mymap).bindPopup('   Kalwaria Z. - K.Z. Szkola Podstawowa <br\/> N:  8710.9  1\/L<br\/> <a href=\"https:\/\/tymoddycham.uj.edu.pl\/wykresy\/svg\/unit0052_n.png\" target=_blank> <img decoding=\"async\" src=\"https:\/\/tymoddycham.uj.edu.pl\/wykresy\/svg\/unit0052_n.png\" width=\"200px\"> <\/a> ');  \nL.circle([50.029, 19.9045],400,{color: ' #800000 ', fillColor: '#800000',fillOpacity: 0.8}).addTo(mymap).bindPopup('   III Kampus UJ <br\/> N:  2661.6  1\/L<br\/> <a href=\"https:\/\/tymoddycham.uj.edu.pl\/wykresy\/svg\/unit0022_n.png\" target=_blank> <img decoding=\"async\" src=\"https:\/\/tymoddycham.uj.edu.pl\/wykresy\/svg\/unit0022_n.png\" width=\"200px\"> <\/a> ');  \nL.circle([50.0165, 19.7706],400,{color: ' #800000 ', fillColor: '#800000',fillOpacity: 0.8}).addTo(mymap).bindPopup('   Raczna - Przedszkole Lesna Polana <br\/> N:  5122.1  1\/L<br\/> <a href=\"https:\/\/tymoddycham.uj.edu.pl\/wykresy\/svg\/unit0053_n.png\" target=_blank> <img decoding=\"async\" src=\"https:\/\/tymoddycham.uj.edu.pl\/wykresy\/svg\/unit0053_n.png\" width=\"200px\"> <\/a> ');  \nL.circle([49.9067, 19.7867],400,{color: ' #800000 ', fillColor: '#800000',fillOpacity: 0.8}).addTo(mymap).bindPopup('   Wola Radziszowska - Przedszkole <br\/> N:  10981.4  1\/L<br\/> <a href=\"https:\/\/tymoddycham.uj.edu.pl\/wykresy\/svg\/unit0038_n.png\" target=_blank> <img decoding=\"async\" src=\"https:\/\/tymoddycham.uj.edu.pl\/wykresy\/svg\/unit0038_n.png\" width=\"200px\"> <\/a> ');  \nL.circle([50.0551, 19.8543],400,{color: ' #800000 ', fillColor: '#800000',fillOpacity: 0.8}).addTo(mymap).bindPopup('   ZOO Krakow <br\/> N:  1353.0  1\/L<br\/> <a href=\"https:\/\/tymoddycham.uj.edu.pl\/wykresy\/svg\/unit0031_n.png\" target=_blank> <img decoding=\"async\" src=\"https:\/\/tymoddycham.uj.edu.pl\/wykresy\/svg\/unit0031_n.png\" width=\"200px\"> <\/a> ');  \nL.circle([50.2809, 18.9964],400,{color: ' #800000 ', fillColor: '#800000',fillOpacity: 0.8}).addTo(mymap).bindPopup('   ZOO Chorzow 1 <br\/> N:  6754.1  1\/L<br\/> <a href=\"https:\/\/tymoddycham.uj.edu.pl\/wykresy\/svg\/unit0020_n.png\" target=_blank> <img decoding=\"async\" src=\"https:\/\/tymoddycham.uj.edu.pl\/wykresy\/svg\/unit0020_n.png\" width=\"200px\"> <\/a> ');  \nL.circle([50.2828, 18.9965],400,{color: ' #800000 ', fillColor: '#800000',fillOpacity: 0.8}).addTo(mymap).bindPopup('   ZOO Chorzow 2 <br\/> N:  1883.7  1\/L<br\/> <a href=\"https:\/\/tymoddycham.uj.edu.pl\/wykresy\/svg\/unit0032_n.png\" target=_blank> <img decoding=\"async\" src=\"https:\/\/tymoddycham.uj.edu.pl\/wykresy\/svg\/unit0032_n.png\" width=\"200px\"> <\/a> ');  \nL.circle([50.3192, 19.1932],400,{color: ' #800000 ', fillColor: '#800000',fillOpacity: 0.8}).addTo(mymap).bindPopup('   Nemo Swiat Rozrywki <br\/> N:  12620.3  1\/L<br\/> <a href=\"https:\/\/tymoddycham.uj.edu.pl\/wykresy\/svg\/unit0054_n.png\" target=_blank> <img decoding=\"async\" src=\"https:\/\/tymoddycham.uj.edu.pl\/wykresy\/svg\/unit0054_n.png\" width=\"200px\"> <\/a> ');  \n\n\n  var popup = L.popup();\n<\/script>\n            \n<\/div>      \n<\/body>\n\n<!-- Google Maps API -->\n<script type=\"text\/javascript\" src=\"https:\/\/maps.googleapis.com\/maps\/api\/js?key=AIzaSyC3ISl8wnfP-U8KHKgHwZNcwlqEJE4Cq3s&libraries=geometry\"><\/script>\n\n<!-- External libraries -->\n<script src=\"lib\/angularjs\/angular.min.js\"><\/script>\n<script src=\"lib\/flat-ui\/vendor\/jquery.min.js\"><\/script>\n<script src=\"lib\/flat-ui\/flat-ui.min.js\"><\/script>\n<script src=\"lib\/smooth-scroll\/smooth-scroll.js\"><\/script>\n<script src=\"lib\/leaflet\/leaflet.js\"><\/script>\n<script src=\"lib\/angular-simple-logger\/angular-simple-logger.min.js\"><\/script>\n<script src=\"lib\/angular-leaflet\/plugins\/Google.js\"><\/script>\n<script src=\"lib\/angular-leaflet\/ui-leaflet.min.js\"><\/script>\n<script src=\"lib\/angular-pagination\/dirPagination.js\"><\/script>\n<script src=\"lib\/angular-cache\/angular-cache.min.js\"><\/script>\n<script src=\"lib\/chartjs\/Chart.bundle.min.js\"><\/script>\n<script src=\"lib\/angularj-chartjs\/angular-chart.min.js\"><\/script>\n\n<\/html>\n\n\n<p>Na powy\u017cszej mapie mo\u017cna uzyska\u0107 informacj\u0119 jakie jest obecnie st\u0119\u017cenie cz\u0105steczek py\u0142u zawieszonego w powietrzu atmosferycznym, kt\u00f3rych \u015brednica aerodynamiczna mie\u015bci\u00a0 si\u0119 w przedziale:\u00a00,5 \u03bcm < \u2205\u00a0 \u2264 2,5 . Innymi s\u0142owy liczba ta informuje o tym ile jest cz\u0105stek py\u0142u zawieszonego, z wybranego zakresu rozmiar\u00f3w, w 1 litrze powietrza, czyli w obj\u0119to\u015bci dw\u00f3ch przeci\u0119tnych wdech\u00f3w doros\u0142ego cz\u0142owieka.\n\n\n<\/p>\n","protected":false},"excerpt":{"rendered":"<p>Wszystkie stacje pomiarowe WYBIERZ PARAMETR: \u00a0\u00a0\u00a0\u00a0\u00a0PY\u0141 ZAWIESZONY\u00a0\u00a0\u00a0\u00a0\u00a0LICZBA CZ\u0104STEK\u00a0\u00a0\u00a0\u00a0\u00a0CI\u015aNIENIE\u00a0\u00a0\u00a0\u00a0\u00a0TEMPERATURA Mapa aktualnej sytuacji: Liczba cz\u0105stek py\u0142u zawieszonego\u00a0w jednym litrze powietrza, kt\u00f3rych\u00a0\u015brednica aerodynamiczna jest w zakresie: 0.5 \u03bcm &lt; \u2205\u00a0 \u2264 2.5 \u03bcm\u00a0\u00a0 Na powy\u017cszej mapie mo\u017cna uzyska\u0107 informacj\u0119 jakie jest obecnie st\u0119\u017cenie cz\u0105steczek py\u0142u zawieszonego w powietrzu atmosferycznym, kt\u00f3rych \u015brednica aerodynamiczna mie\u015bci\u00a0 si\u0119 w przedziale:\u00a00,5 \u03bcm < ... <a title=\"Wszystkie stacje &#8211; n\" class=\"read-more\" href=\"https:\/\/tymoddycham.uj.edu.pl\/index.php\/wszystkie-stacje-n\/\">Read more<span class=\"screen-reader-text\">Wszystkie stacje &#8211; n<\/span><\/a><\/p>\n","protected":false},"author":1,"featured_media":0,"parent":0,"menu_order":0,"comment_status":"closed","ping_status":"closed","template":"","meta":{"generate_page_header":"","footnotes":""},"class_list":["post-841","page","type-page","status-publish"],"_links":{"self":[{"href":"https:\/\/tymoddycham.uj.edu.pl\/index.php\/wp-json\/wp\/v2\/pages\/841","targetHints":{"allow":["GET"]}}],"collection":[{"href":"https:\/\/tymoddycham.uj.edu.pl\/index.php\/wp-json\/wp\/v2\/pages"}],"about":[{"href":"https:\/\/tymoddycham.uj.edu.pl\/index.php\/wp-json\/wp\/v2\/types\/page"}],"author":[{"embeddable":true,"href":"https:\/\/tymoddycham.uj.edu.pl\/index.php\/wp-json\/wp\/v2\/users\/1"}],"replies":[{"embeddable":true,"href":"https:\/\/tymoddycham.uj.edu.pl\/index.php\/wp-json\/wp\/v2\/comments?post=841"}],"version-history":[{"count":30,"href":"https:\/\/tymoddycham.uj.edu.pl\/index.php\/wp-json\/wp\/v2\/pages\/841\/revisions"}],"predecessor-version":[{"id":1251,"href":"https:\/\/tymoddycham.uj.edu.pl\/index.php\/wp-json\/wp\/v2\/pages\/841\/revisions\/1251"}],"wp:attachment":[{"href":"https:\/\/tymoddycham.uj.edu.pl\/index.php\/wp-json\/wp\/v2\/media?parent=841"}],"curies":[{"name":"wp","href":"https:\/\/api.w.org\/{rel}","templated":true}]}}