{"id":660,"date":"2018-07-20T12:32:23","date_gmt":"2018-07-20T10:32:23","guid":{"rendered":"http:\/\/tymoddycham.uj.edu.pl\/wordpress\/?page_id=660"},"modified":"2020-02-11T19:13:02","modified_gmt":"2020-02-11T18:13:02","slug":"wszystkie-stacje-t","status":"publish","type":"page","link":"https:\/\/tymoddycham.uj.edu.pl\/index.php\/wszystkie-stacje-t\/","title":{"rendered":"Wszystkie stacje &#8211; t"},"content":{"rendered":"<h1>Wszystkie stacje pomiarowe<\/h1>\n<p><strong><small>WYBIERZ PARAMETR: <\/small><\/strong>\u00a0\u00a0\u00a0\u00a0\u00a0<a href=\"http:\/\/tymoddycham.uj.edu.pl\/\"><small>PY\u0141 ZAWIESZONY<\/small><\/a>\u00a0\u00a0\u00a0\u00a0\u00a0<a href=\"http:\/\/tymoddycham.uj.edu.pl\/index.php\/wszystkie-stacje-n\/\"><small>LICZBA CZ\u0104STEK<\/small><\/a>\u00a0\u00a0\u00a0\u00a0\u00a0<a href=\"http:\/\/tymoddycham.uj.edu.pl\/index.php\/wszystkie-stacje-pr\/\"><small>CI\u015aNIENIE<\/small><\/a>\u00a0\u00a0\u00a0\u00a0\u00a0<a href=\"http:\/\/tymoddycham.uj.edu.pl\/index.php\/wszystkie-stacje-t\/\"><small>TEMPERATURA<\/small><\/a><\/p>\n<p>Mapa aktualnej sytuacji: <strong>Temperatura powietrza <\/strong>(wewn\u0105trz stacji pomiarowej)<\/p>\n\n<!DOCTYPE html>\n<html xmlns=\"http:\/\/www.w3c.org\/1999\/xhtml\" xml:lang=\"pl\" lang=\"pl\">\n<head>\n  <META http-equiv=Content-Type content=\"text\/html; charset=windows-1250\">\n  <title>Storm&DustNet  Mapa: stezenie pylu zawieszonego PM10 w powietrzu<\/title>\n  <meta name=\"viewport\" content=\"width=device-width, initial-scale=1.0\">\n\n  <link rel=\"shortcut icon\" type=\"image\/x-icon\" href=\"docs\/images\/favicon.ico\" \/>\n\n  <link rel=\"stylesheet\" href=\"https:\/\/unpkg.com\/leaflet@1.3.1\/dist\/leaflet.css\" integrity=\"sha512-Rksm5RenBEKSKFjgI3a41vrjkw4EVPlJ3+OiI65vTjIdo9brlAacEuKOiQ5OFh7cOI1bkDwLqdLw3Zg0cRJAAQ==\" crossorigin=\"\"\/>\n  <script src=\"https:\/\/unpkg.com\/leaflet@1.3.1\/dist\/leaflet.js\" integrity=\"sha512-\/Nsx9X4HebavoBvEBuyp3I7od5tA0UzAxs+j83KgC8PU0kgB4XiK4Lfe4y4cgBtaRJQEIFCW+oC506aPT2L1zw==\" crossorigin=\"\"><\/script>\n\n  <meta http-equiv=\"Refresh\" content=\"300\" \/>\n<\/head>\n\n<body>\n<div>\n\n          <div style=\"margin-left:0px; margin-right:0px; width:100%; height: 700px;  background-color:white\">\n         <div id=\"mapid\" style=\"margin-left:0px; margin-right:0px; width: 100%; height: 100%;\" ><\/div>\n       <\/div>\n\n<script>\n\n      var mymap = L.map('mapid').setView([50.010643,19.9045711721], 11);\n      \n      L.tileLayer('https:\/\/{s}.tile.openstreetmap.org\/{z}\/{x}\/{y}.png', {\n        maxZoom: 14,\n        attribution: 'Map data &copy; <a href=\"https:\/\/www.openstreetmap.org\/\">OpenStreetMap<\/a> contributors, ' +\n          '<a href=\"https:\/\/creativecommons.org\/licenses\/by-sa\/2.0\/\">CC-BY-SA<\/a>, ' +\n          'Imagery &copy; <a href=\"https:\/\/www.mapbox.com\/\">Mapbox<\/a>',\n        id: 'mapbox.streets'\n      }).addTo(mymap);\n      mymap.fitBounds( [[49.8516,18.9964],[50.3192,19.9045] ]);\n           L.control.scale().addTo(mymap); \n        \n\n\nvar polylinePoints2d = [\n[49.84738883500006, 19.66329244600007],\n[49.85138341900006, 19.66002000900005],\n[49.855645767000055, 19.657305655000073],\n[49.86042020200006, 19.656039018000058],\n[49.86397947700004, 19.65292227300006],\n[49.866678352000065, 19.648965865000037],\n[49.86942248100007, 19.645153960000073],\n[49.864125185000034, 19.64629562400006],\n[49.85958595000005, 19.643979899000044],\n[49.85545549400007, 19.641500708000024],\n[49.85257635900007, 19.637880061000033],\n[49.84944377100004, 19.634286730000042],\n[49.84728936700003, 19.630175075000068],\n[49.84582095800005, 19.625674599000035],\n[49.84550328900008, 19.62101984800006],\n[49.84435093700006, 19.616654286000028],\n[49.845709955000075, 19.612230930000067],\n[49.84683868500008, 19.60781352200007],\n[49.847495759000026, 19.603317582000045],\n[49.84864403300003, 19.59888616300003],\n[49.84883255300008, 19.59427878400004],\n[49.849587470000074, 19.589723441000046],\n[49.84944533100003, 19.584922557000027],\n[49.849206483000046, 19.580361633000052],\n[49.85355863900003, 19.578264691000072],\n[49.85815519500005, 19.58104729400003],\n[49.86273511400003, 19.582408600000065],\n[49.86766184500004, 19.582403087000046],\n[49.87141217000004, 19.58540775800003],\n[49.87490124800007, 19.588637834000053],\n[49.87853294800004, 19.59169891600004],\n[49.88144256800007, 19.595268314000066],\n[49.88536510400007, 19.598087658000054],\n[49.88918632700006, 19.60098219500003],\n[49.88888831200006, 19.605562448000057],\n[49.88800148800004, 19.610020520000035],\n[49.88526371800003, 19.614313066000022],\n[49.88456640000004, 19.61882604500005],\n[49.886995943000045, 19.62303367800007],\n[49.89106833500006, 19.626196357000026],\n[49.895094130000075, 19.628680644000042],\n[49.89811190100005, 19.632194164000055],\n[49.90029651800006, 19.63633772700007],\n[49.90228663000005, 19.64051594600005],\n[49.906594409000036, 19.643012585000065],\n[49.910844584000074, 19.645455440000035],\n[49.91527138200007, 19.647720269000047],\n[49.91664683500005, 19.65208281100007],\n[49.915102938000075, 19.656396249000068],\n[49.91449834000008, 19.660865946000058],\n[49.91929470200006, 19.661684801000035],\n[49.922734468000044, 19.664843521000023],\n[49.92318370700008, 19.669468089000077],\n[49.924135482000054, 19.674108063000062],\n[49.92567381400005, 19.67837256000007],\n[49.92458685100007, 19.682841198000062],\n[49.92625422100008, 19.687198331000047],\n[49.92845054900005, 19.69126551000005],\n[49.93093842500008, 19.69518909100003],\n[49.93242960300006, 19.699463781000077],\n[49.934056242000054, 19.704698389000043],\n[49.93118078300006, 19.708299947000057],\n[49.92733976800008, 19.711026469000046],\n[49.92798519400003, 19.715500147000057],\n[49.92613975800003, 19.719826815000033],\n[49.924729669000044, 19.724239152000052],\n[49.924449294000055, 19.728732656000034],\n[49.92067253100004, 19.73209971700004],\n[49.91715227700007, 19.735218067000062],\n[49.918766961000074, 19.73957491500005],\n[49.91462597000003, 19.742235152000035],\n[49.91019742700007, 19.743929691000062],\n[49.91243010800008, 19.748000216000037],\n[49.91612339000005, 19.75133241800006],\n[49.91650993700006, 19.756721157000072],\n[49.91187791200008, 19.75805708000007],\n[49.90796689800004, 19.760703600000056],\n[49.904689319000056, 19.764019563000033],\n[49.89987191200004, 19.76374605500007],\n[49.89953181300007, 19.759256209000057],\n[49.894844988000045, 19.75836489900007],\n[49.893368450000025, 19.763293399000077],\n[49.89133390200004, 19.767447480000044],\n[49.89016836900004, 19.77190983500003],\n[49.88737392200005, 19.768111415000078],\n[49.888235896000026, 19.763595328000065],\n[49.88919321700007, 19.759006489000058],\n[49.89081838800007, 19.75463897000003],\n[49.89189597700005, 19.750254399000028],\n[49.889211927000076, 19.746528133000027],\n[49.88925218700007, 19.741852472000062],\n[49.88485157700006, 19.740090121000037],\n[49.88130454600008, 19.736926416000074],\n[49.88089662300007, 19.732332405000022],\n[49.87629535700006, 19.731105054000068],\n[49.871806553000056, 19.729056784000022],\n[49.870740726000065, 19.724607667000043],\n[49.86735160300003, 19.721321773000057],\n[49.86619135500007, 19.716825933000052],\n[49.86304034200003, 19.713399217000074],\n[49.85810216200008, 19.713228827000023],\n[49.85366170400005, 19.71123242400006],\n[49.85216459900005, 19.70690700600005],\n[49.850630427000056, 19.702570191000063],\n[49.849707617000035, 19.697832720000065],\n[49.84880610000005, 19.69333417400003],\n[49.84887674300006, 19.688776951000023],\n[49.848113527000066, 19.684191320000025],\n[49.846600574000036, 19.67968465900003],\n[49.84538852000003, 19.675141409000048],\n[49.844853758000056, 19.67063195000003],\n[49.84335956500007, 19.665793595000025],\n[49.84738883500006, 19.66329244600007] \n  ];\n\nvar polyline2d = L.polyline(polylinePoints2d,{color: 'silver',weight: 5}).addTo(mymap);\n\n        \nL.circle([49.8874, 19.7325],400,{color: ' #999999 ', fillColor: '#999999',fillOpacity: 0.8}).addTo(mymap).bindPopup('   Kalwaria Z. - Zarzyce Wielkie <br\/> T: Chwilowy brak danych <img decoding=\"async\" src=\"http:\/\/tymoddycham.uj.edu.pl\/img\/gif\/051.gif\"> deg<br\/> <a href=\"https:\/\/tymoddycham.uj.edu.pl\/wykresy\/svg\/unit0030_t.png\" target=_blank> <img decoding=\"async\" src=\"https:\/\/tymoddycham.uj.edu.pl\/wykresy\/svg\/unit0030_t.png\" width=\"200px\"> <\/a> ');  \nL.circle([49.8647, 19.5977],400,{color: ' #deff19 ', fillColor: '#deff19',fillOpacity: 0.8}).addTo(mymap).bindPopup('   Kalwaria Z. - Barwald Sredni <br\/> T:  24.8  deg<br\/> <a href=\"https:\/\/tymoddycham.uj.edu.pl\/wykresy\/svg\/unit0034_t.png\" target=_blank> <img decoding=\"async\" src=\"https:\/\/tymoddycham.uj.edu.pl\/wykresy\/svg\/unit0034_t.png\" width=\"200px\"> <\/a> ');  \nL.circle([49.9023, 19.6589],400,{color: ' #beff39 ', fillColor: '#beff39',fillOpacity: 0.8}).addTo(mymap).bindPopup('   Kalwaria Z. - Stanislaw Dolny 73 <br\/> T:  23.2  deg<br\/> <a href=\"https:\/\/tymoddycham.uj.edu.pl\/wykresy\/svg\/unit0037_t.png\" target=_blank> <img decoding=\"async\" src=\"https:\/\/tymoddycham.uj.edu.pl\/wykresy\/svg\/unit0037_t.png\" width=\"200px\"> <\/a> ');  \nL.circle([49.8644, 19.6922],400,{color: ' #7aff7d ', fillColor: '#7aff7d',fillOpacity: 0.8}).addTo(mymap).bindPopup('   Kalwaria Z. - Brody <br\/> T:  19.9  deg<br\/> <a href=\"https:\/\/tymoddycham.uj.edu.pl\/wykresy\/svg\/unit0040_t.png\" target=_blank> <img decoding=\"async\" src=\"https:\/\/tymoddycham.uj.edu.pl\/wykresy\/svg\/unit0040_t.png\" width=\"200px\"> <\/a> ');  \nL.circle([49.8627, 19.6186],400,{color: ' #97ff60 ', fillColor: '#97ff60',fillOpacity: 0.8}).addTo(mymap).bindPopup('   Kalwaria Z. - Barwald Gorny <br\/> T:  21.3  deg<br\/> <a href=\"https:\/\/tymoddycham.uj.edu.pl\/wykresy\/svg\/unit0041_t.png\" target=_blank> <img decoding=\"async\" src=\"https:\/\/tymoddycham.uj.edu.pl\/wykresy\/svg\/unit0041_t.png\" width=\"200px\"> <\/a> ');  \nL.circle([49.8976, 19.7361],400,{color: ' #ff5500 ', fillColor: '#ff5500',fillOpacity: 0.8}).addTo(mymap).bindPopup('   Kalwaria Z. - Lencze <br\/> T:  32.8  deg<br\/> <a href=\"https:\/\/tymoddycham.uj.edu.pl\/wykresy\/svg\/unit0042_t.png\" target=_blank> <img decoding=\"async\" src=\"https:\/\/tymoddycham.uj.edu.pl\/wykresy\/svg\/unit0042_t.png\" width=\"200px\"> <\/a> ');  \nL.circle([49.914, 19.6912],400,{color: ' #a4ff53 ', fillColor: '#a4ff53',fillOpacity: 0.8}).addTo(mymap).bindPopup('   Kalwaria Z. - Przytkowice <br\/> T:  22.0  deg<br\/> <a href=\"https:\/\/tymoddycham.uj.edu.pl\/wykresy\/svg\/unit0045_t.png\" target=_blank> <img decoding=\"async\" src=\"https:\/\/tymoddycham.uj.edu.pl\/wykresy\/svg\/unit0045_t.png\" width=\"200px\"> <\/a> ');  \nL.circle([49.8846, 19.6717],400,{color: ' #d7ff1f ', fillColor: '#d7ff1f',fillOpacity: 0.8}).addTo(mymap).bindPopup('   Kalwaria Z. - Zebrzydowice <br\/> T:  24.5  deg<br\/> <a href=\"https:\/\/tymoddycham.uj.edu.pl\/wykresy\/svg\/unit0047_t.png\" target=_blank> <img decoding=\"async\" src=\"https:\/\/tymoddycham.uj.edu.pl\/wykresy\/svg\/unit0047_t.png\" width=\"200px\"> <\/a> ');  \nL.circle([49.8919, 19.6427],400,{color: ' #e4ff13 ', fillColor: '#e4ff13',fillOpacity: 0.8}).addTo(mymap).bindPopup('   Kalwaria Z. - Stanislaw Dolny 256 <br\/> T:  25.1  deg<br\/> <a href=\"https:\/\/tymoddycham.uj.edu.pl\/wykresy\/svg\/unit0048_t.png\" target=_blank> <img decoding=\"async\" src=\"https:\/\/tymoddycham.uj.edu.pl\/wykresy\/svg\/unit0048_t.png\" width=\"200px\"> <\/a> ');  \nL.circle([49.8516, 19.6728],400,{color: ' #b1ff46 ', fillColor: '#b1ff46',fillOpacity: 0.8}).addTo(mymap).bindPopup('   Kalwaria Z. - Bugaj <br\/> T:  22.5  deg<br\/> <a href=\"https:\/\/tymoddycham.uj.edu.pl\/wykresy\/svg\/unit0050_t.png\" target=_blank> <img decoding=\"async\" src=\"https:\/\/tymoddycham.uj.edu.pl\/wykresy\/svg\/unit0050_t.png\" width=\"200px\"> <\/a> ');  \nL.circle([49.8682, 19.6776],400,{color: ' #87ff70 ', fillColor: '#87ff70',fillOpacity: 0.8}).addTo(mymap).bindPopup('   Kalwaria Z. - Urzad Miasta <br\/> T:  20.5  deg<br\/> <a href=\"https:\/\/tymoddycham.uj.edu.pl\/wykresy\/svg\/unit0051_t.png\" target=_blank> <img decoding=\"async\" src=\"https:\/\/tymoddycham.uj.edu.pl\/wykresy\/svg\/unit0051_t.png\" width=\"200px\"> <\/a> ');  \nL.circle([49.87, 19.6793],400,{color: ' #63ff94 ', fillColor: '#63ff94',fillOpacity: 0.8}).addTo(mymap).bindPopup('   Kalwaria Z. - K.Z. Szkola Podstawowa <br\/> T:  18.9  deg<br\/> <a href=\"https:\/\/tymoddycham.uj.edu.pl\/wykresy\/svg\/unit0052_t.png\" target=_blank> <img decoding=\"async\" src=\"https:\/\/tymoddycham.uj.edu.pl\/wykresy\/svg\/unit0052_t.png\" width=\"200px\"> <\/a> ');  \nL.circle([50.029, 19.9045],400,{color: ' #77ff80 ', fillColor: '#77ff80',fillOpacity: 0.8}).addTo(mymap).bindPopup('   III Kampus UJ <br\/> T:  19.7  deg<br\/> <a href=\"https:\/\/tymoddycham.uj.edu.pl\/wykresy\/svg\/unit0022_t.png\" target=_blank> <img decoding=\"async\" src=\"https:\/\/tymoddycham.uj.edu.pl\/wykresy\/svg\/unit0022_t.png\" width=\"200px\"> <\/a> ');  \nL.circle([50.0165, 19.7706],400,{color: ' #97ff60 ', fillColor: '#97ff60',fillOpacity: 0.8}).addTo(mymap).bindPopup('   Raczna - Przedszkole Lesna Polana <br\/> T:  21.4  deg<br\/> <a href=\"https:\/\/tymoddycham.uj.edu.pl\/wykresy\/svg\/unit0053_t.png\" target=_blank> <img decoding=\"async\" src=\"https:\/\/tymoddycham.uj.edu.pl\/wykresy\/svg\/unit0053_t.png\" width=\"200px\"> <\/a> ');  \nL.circle([49.9067, 19.7867],400,{color: ' #8dff6a ', fillColor: '#8dff6a',fillOpacity: 0.8}).addTo(mymap).bindPopup('   Wola Radziszowska - Przedszkole <br\/> T:  20.8  deg<br\/> <a href=\"https:\/\/tymoddycham.uj.edu.pl\/wykresy\/svg\/unit0038_t.png\" target=_blank> <img decoding=\"async\" src=\"https:\/\/tymoddycham.uj.edu.pl\/wykresy\/svg\/unit0038_t.png\" width=\"200px\"> <\/a> ');  \nL.circle([50.0551, 19.8543],400,{color: ' #7dff7a ', fillColor: '#7dff7a',fillOpacity: 0.8}).addTo(mymap).bindPopup('   ZOO Krakow <br\/> T:  20.1  deg<br\/> <a href=\"https:\/\/tymoddycham.uj.edu.pl\/wykresy\/svg\/unit0031_t.png\" target=_blank> <img decoding=\"async\" src=\"https:\/\/tymoddycham.uj.edu.pl\/wykresy\/svg\/unit0031_t.png\" width=\"200px\"> <\/a> ');  \nL.circle([50.2809, 18.9964],400,{color: ' #feed00 ', fillColor: '#feed00',fillOpacity: 0.8}).addTo(mymap).bindPopup('   ZOO Chorzow 1 <br\/> T:  26.3  deg<br\/> <a href=\"https:\/\/tymoddycham.uj.edu.pl\/wykresy\/svg\/unit0020_t.png\" target=_blank> <img decoding=\"async\" src=\"https:\/\/tymoddycham.uj.edu.pl\/wykresy\/svg\/unit0020_t.png\" width=\"200px\"> <\/a> ');  \nL.circle([50.2828, 18.9965],400,{color: ' #90ff66 ', fillColor: '#90ff66',fillOpacity: 0.8}).addTo(mymap).bindPopup('   ZOO Chorzow 2 <br\/> T:  21.0  deg<br\/> <a href=\"https:\/\/tymoddycham.uj.edu.pl\/wykresy\/svg\/unit0032_t.png\" target=_blank> <img decoding=\"async\" src=\"https:\/\/tymoddycham.uj.edu.pl\/wykresy\/svg\/unit0032_t.png\" width=\"200px\"> <\/a> ');  \nL.circle([50.3192, 19.1932],400,{color: ' #ff7300 ', fillColor: '#ff7300',fillOpacity: 0.8}).addTo(mymap).bindPopup('   Nemo Swiat Rozrywki <br\/> T:  31.5  deg<br\/> <a href=\"https:\/\/tymoddycham.uj.edu.pl\/wykresy\/svg\/unit0054_t.png\" target=_blank> <img decoding=\"async\" src=\"https:\/\/tymoddycham.uj.edu.pl\/wykresy\/svg\/unit0054_t.png\" width=\"200px\"> <\/a> ');  \n\n\n  var popup = L.popup();\n<\/script>\n            \n<\/div>      \n<\/body>\n\n<!-- Google Maps API -->\n<script type=\"text\/javascript\" src=\"https:\/\/maps.googleapis.com\/maps\/api\/js?key=AIzaSyC3ISl8wnfP-U8KHKgHwZNcwlqEJE4Cq3s&libraries=geometry\"><\/script>\n\n<!-- External libraries -->\n<script src=\"lib\/angularjs\/angular.min.js\"><\/script>\n<script src=\"lib\/flat-ui\/vendor\/jquery.min.js\"><\/script>\n<script src=\"lib\/flat-ui\/flat-ui.min.js\"><\/script>\n<script src=\"lib\/smooth-scroll\/smooth-scroll.js\"><\/script>\n<script src=\"lib\/leaflet\/leaflet.js\"><\/script>\n<script src=\"lib\/angular-simple-logger\/angular-simple-logger.min.js\"><\/script>\n<script src=\"lib\/angular-leaflet\/plugins\/Google.js\"><\/script>\n<script src=\"lib\/angular-leaflet\/ui-leaflet.min.js\"><\/script>\n<script src=\"lib\/angular-pagination\/dirPagination.js\"><\/script>\n<script src=\"lib\/angular-cache\/angular-cache.min.js\"><\/script>\n<script src=\"lib\/chartjs\/Chart.bundle.min.js\"><\/script>\n<script src=\"lib\/angularj-chartjs\/angular-chart.min.js\"><\/script>\n\n<\/html>\n\n\n<p><strong>Na powy\u017cszej mapie wy\u015bwietlana jest temperatura powietrza<\/strong> zarejestrowana przez poszczeg\u00f3lne stacje pomiarowe. Pomimo, \u017ce stacje posiadaj\u0105 wymuszony system obiegu powietrza, to w s\u0142oneczne i bezchmurne dni warto\u015bci mierzonej temperatury mog\u0105 by\u0107 zawy\u017cone z powodu braku os\u0142on radiacyjnych.<\/p>\n","protected":false},"excerpt":{"rendered":"<p>Wszystkie stacje pomiarowe WYBIERZ PARAMETR: \u00a0\u00a0\u00a0\u00a0\u00a0PY\u0141 ZAWIESZONY\u00a0\u00a0\u00a0\u00a0\u00a0LICZBA CZ\u0104STEK\u00a0\u00a0\u00a0\u00a0\u00a0CI\u015aNIENIE\u00a0\u00a0\u00a0\u00a0\u00a0TEMPERATURA Mapa aktualnej sytuacji: Temperatura powietrza (wewn\u0105trz stacji pomiarowej) Na powy\u017cszej mapie wy\u015bwietlana jest temperatura powietrza zarejestrowana przez poszczeg\u00f3lne stacje pomiarowe. Pomimo, \u017ce stacje posiadaj\u0105 wymuszony system obiegu powietrza, to w s\u0142oneczne i bezchmurne dni warto\u015bci mierzonej temperatury mog\u0105 by\u0107 zawy\u017cone z powodu braku os\u0142on radiacyjnych.<\/p>\n","protected":false},"author":1,"featured_media":0,"parent":0,"menu_order":0,"comment_status":"closed","ping_status":"closed","template":"","meta":{"generate_page_header":"","footnotes":""},"class_list":["post-660","page","type-page","status-publish"],"_links":{"self":[{"href":"https:\/\/tymoddycham.uj.edu.pl\/index.php\/wp-json\/wp\/v2\/pages\/660","targetHints":{"allow":["GET"]}}],"collection":[{"href":"https:\/\/tymoddycham.uj.edu.pl\/index.php\/wp-json\/wp\/v2\/pages"}],"about":[{"href":"https:\/\/tymoddycham.uj.edu.pl\/index.php\/wp-json\/wp\/v2\/types\/page"}],"author":[{"embeddable":true,"href":"https:\/\/tymoddycham.uj.edu.pl\/index.php\/wp-json\/wp\/v2\/users\/1"}],"replies":[{"embeddable":true,"href":"https:\/\/tymoddycham.uj.edu.pl\/index.php\/wp-json\/wp\/v2\/comments?post=660"}],"version-history":[{"count":34,"href":"https:\/\/tymoddycham.uj.edu.pl\/index.php\/wp-json\/wp\/v2\/pages\/660\/revisions"}],"predecessor-version":[{"id":683,"href":"https:\/\/tymoddycham.uj.edu.pl\/index.php\/wp-json\/wp\/v2\/pages\/660\/revisions\/683"}],"wp:attachment":[{"href":"https:\/\/tymoddycham.uj.edu.pl\/index.php\/wp-json\/wp\/v2\/media?parent=660"}],"curies":[{"name":"wp","href":"https:\/\/api.w.org\/{rel}","templated":true}]}}