{"id":413,"date":"2018-07-13T16:29:50","date_gmt":"2018-07-13T14:29:50","guid":{"rendered":"http:\/\/tymoddycham.uj.edu.pl\/wordpress\/?page_id=413"},"modified":"2023-09-09T16:10:01","modified_gmt":"2023-09-09T14:10:01","slug":"edukacja","status":"publish","type":"page","link":"https:\/\/tymoddycham.uj.edu.pl\/index.php\/edukacja\/","title":{"rendered":"Nauka i edukacja"},"content":{"rendered":"<ol>\n<li>\n<p>Konstrukcja stacji pomiarowych od podstaw oraz ich integracja w ramach kompleksowego systemu pomiarowego umo\u017cliwi\u0142a zaanga\u017cowanie w badania o charakterze badawczo-rozwojowym oraz aplikacyjnym.<\/p>\n<\/li>\n<li>\n<p>Aktualnie realizowane s\u0105 zaawansowane dzia\u0142ania, kt\u00f3re maj\u0105 na celu dalszy rozw\u00f3j oraz optymalizacj\u0119 funkcjonalno\u015bci stacji pomiarowych, z wykorzystaniem innowacyjnych rozwi\u0105za\u0144 opartych na najnowszych osi\u0105gni\u0119ciach w dziedzinie nauki i technologii.<\/p>\n<\/li>\n<li>\n<p>W kontek\u015bcie realizowanych prac badawczych, studenci maj\u0105 mo\u017cliwo\u015b\u0107 anga\u017cowania si\u0119 w projekt na poziomie prac licencjackich i magisterskich, a tak\u017ce mog\u0105 uczestniczy\u0107 w sta\u017cach o wysokim standardzie merytorycznym, obejmuj\u0105cych zagadnienia interdyscyplinarne z obszar\u00f3w fizyki komputerowej, fizyki \u015brodowiska oraz informatyki stosowanej.<\/p>\n<\/li>\n<li>Warto podkre\u015bli\u0107, \u017ce znacz\u0105ca cz\u0119\u015b\u0107 stacji pomiarowych zosta\u0142a zlokalizowana w plac\u00f3wkach edukacyjnych. Instalacja sensor\u00f3w mierz\u0105cych py\u0142 zawieszony na terenie szko\u0142y i boiska szkolnego otwiera nowe perspektywy dla nauczycieli, umo\u017cliwiaj\u0105c im wykorzystanie tych narz\u0119dzi w procesie doboru czasu i warunk\u00f3w aktywno\u015bci dzieci na otwartej przestrzeni. Wykorzystanie danych z sensor\u00f3w mo\u017ce s\u0142u\u017cy\u0107 tak\u017ce jako praktyczne narz\u0119dzie do edukacji ekologicznej, promuj\u0105c jednocze\u015bnie \u015bwiadomo\u015b\u0107 zdrowotnych skutk\u00f3w zanieczyszczenia powietrza. Ponadto, nauczyciele mog\u0105 integrowa\u0107 dane z sensor\u00f3w w r\u00f3\u017cnych przedmiotach, promuj\u0105c interdyscyplinarno\u015b\u0107 i zach\u0119caj\u0105c uczni\u00f3w do prowadzenia w\u0142asnych bada\u0144 i projekt\u00f3w.<\/li>\n<\/ol>\n<div class=\"flex-1 overflow-hidden\">\n<div class=\"react-scroll-to-bottom--css-fpxwi-79elbk h-full dark:bg-gray-800\">\n<div class=\"react-scroll-to-bottom--css-fpxwi-1n7m0yu\">\n<div class=\"flex flex-col text-sm dark:bg-gray-800\">\n<div class=\"group w-full text-token-text-primary border-b border-black\/10 dark:border-gray-900\/50 bg-gray-50 dark:bg-[#444654]\" data-testid=\"conversation-turn-22\">\n<div class=\"p-4 justify-center text-base md:gap-6 md:py-6 m-auto\">\n<div class=\"flex flex-1 gap-4 text-base mx-auto md:gap-6 md:max-w-2xl lg:max-w-[38rem] xl:max-w-3xl }\">\n<div class=\"relative flex w-[calc(100%-50px)] flex-col gap-1 md:gap-3 lg:w-[calc(100%-115px)]\">\n<div class=\"flex flex-grow flex-col gap-3 max-w-full\">\n<div class=\"min-h-[20px] flex flex-col items-start gap-3 overflow-x-auto whitespace-pre-wrap break-words\">\n<div class=\"markdown prose w-full break-words dark:prose-invert light\">\u00a0<\/div>\n<\/div>\n<\/div>\n<\/div>\n<\/div>\n<\/div>\n<\/div>\n<\/div>\n<\/div>\n<\/div>\n<\/div>\n\n\n<p><\/p>\n","protected":false},"excerpt":{"rendered":"<p>Konstrukcja stacji pomiarowych od podstaw oraz ich integracja w ramach kompleksowego systemu pomiarowego umo\u017cliwi\u0142a zaanga\u017cowanie w badania o charakterze badawczo-rozwojowym oraz aplikacyjnym. Aktualnie realizowane s\u0105 zaawansowane dzia\u0142ania, kt\u00f3re maj\u0105 na celu dalszy rozw\u00f3j oraz optymalizacj\u0119 funkcjonalno\u015bci stacji pomiarowych, z wykorzystaniem innowacyjnych rozwi\u0105za\u0144 opartych na najnowszych osi\u0105gni\u0119ciach w dziedzinie nauki i technologii. W kontek\u015bcie realizowanych prac &#8230; <a title=\"Nauka i edukacja\" class=\"read-more\" href=\"https:\/\/tymoddycham.uj.edu.pl\/index.php\/edukacja\/\">Read more<span class=\"screen-reader-text\">Nauka i edukacja<\/span><\/a><\/p>\n","protected":false},"author":1,"featured_media":0,"parent":0,"menu_order":0,"comment_status":"closed","ping_status":"closed","template":"","meta":{"generate_page_header":"","footnotes":""},"class_list":["post-413","page","type-page","status-publish"],"_links":{"self":[{"href":"https:\/\/tymoddycham.uj.edu.pl\/index.php\/wp-json\/wp\/v2\/pages\/413","targetHints":{"allow":["GET"]}}],"collection":[{"href":"https:\/\/tymoddycham.uj.edu.pl\/index.php\/wp-json\/wp\/v2\/pages"}],"about":[{"href":"https:\/\/tymoddycham.uj.edu.pl\/index.php\/wp-json\/wp\/v2\/types\/page"}],"author":[{"embeddable":true,"href":"https:\/\/tymoddycham.uj.edu.pl\/index.php\/wp-json\/wp\/v2\/users\/1"}],"replies":[{"embeddable":true,"href":"https:\/\/tymoddycham.uj.edu.pl\/index.php\/wp-json\/wp\/v2\/comments?post=413"}],"version-history":[{"count":39,"href":"https:\/\/tymoddycham.uj.edu.pl\/index.php\/wp-json\/wp\/v2\/pages\/413\/revisions"}],"predecessor-version":[{"id":1870,"href":"https:\/\/tymoddycham.uj.edu.pl\/index.php\/wp-json\/wp\/v2\/pages\/413\/revisions\/1870"}],"wp:attachment":[{"href":"https:\/\/tymoddycham.uj.edu.pl\/index.php\/wp-json\/wp\/v2\/media?parent=413"}],"curies":[{"name":"wp","href":"https:\/\/api.w.org\/{rel}","templated":true}]}}