{"id":24,"date":"2018-06-28T17:32:27","date_gmt":"2018-06-28T15:32:27","guid":{"rendered":"http:\/\/tymoddycham.uj.edu.pl\/wordpress\/?page_id=24"},"modified":"2023-07-15T13:52:14","modified_gmt":"2023-07-15T11:52:14","slug":"kontakt","status":"publish","type":"page","link":"https:\/\/tymoddycham.uj.edu.pl\/index.php\/kontakt\/","title":{"rendered":"Kontakt"},"content":{"rendered":"<h2><strong>Badania Naukowe i Prace Badawcze<\/strong><\/h2>\n<p style=\"padding-left: 30px;\">Wszystkich zainteresowanych wsp\u00f3\u0142prac\u0105 lub udzia\u0142em w projekcie Storm&amp;DustNet prosimy o kontakt:<\/p>\n<p style=\"padding-left: 30px;\"><strong>Zak\u0142ad Do\u015bwiadczalnej Fizyki Komputerowej<\/strong><br \/>\n<strong>Instytut Fizyki im. Mariana Smoluchowskiego<\/strong><br \/>\n<strong>Wydzia\u0142 Fizyki, Astronomii i Informatyki Stosowanej<br \/>\nUniwersytet Jagiello\u0144ski<\/strong><br \/>\nul. prof. Stanis\u0142awa \u0141ojasiewicza 11<br \/>\n30-348 Krak\u00f3w<\/p>\n<p style=\"padding-left: 60px;\"><strong>dr hab. in\u017c. Zenon Nieckarz, prof. UJ<\/strong><br \/>\n&#x65;&#x2d;&#x6d;&#x61;&#x69;&#x6c;&#x3a;&#x20;&#x7a;&#x65;&#x6e;&#111;&#110;&#46;&#110;&#105;&#101;&#99;karz&#64;u&#x6a;&#x2e;&#x65;&#x64;&#x75;&#x2e;&#x70;&#x6c;<\/p>\n<h2><strong>Wsparcie IT<\/strong><\/h2>\n<p style=\"padding-left: 30px;\"><strong>Centrum Informatyczno-Techniczne<\/strong><br \/>\n<strong>Wydzia\u0142 Fizyki, Astronomii i Informatyki Stosowanej<br \/>\nUniwersytet Jagiello\u0144ski<\/strong><br \/>\nul. prof. Stanis\u0142awa \u0141ojasiewicza 11<br \/>\n30-348 Krakow<\/p>\n<p style=\"padding-left: 60px;\"><strong>mgr Nikodem Frodyma<\/strong><br \/>\ne-&#109;&#97;&#105;&#x6c;&#x3a;&#x20;&#x6e;&#x69;ko&#100;&#101;&#109;&#x2e;&#x66;&#x72;&#x6f;&#x64;ym&#97;&#64;&#117;&#x6a;&#x2e;&#x65;&#x64;&#x75;&#46;p&#108;<\/p>\n<h2><strong>Transfer Technologii i Wsp\u00f3\u0142praca z Gospodark\u0105<\/strong><\/h2>\n<p style=\"padding-left: 30px;\"><a href=\"http:\/\/www.cittru.uj.edu.pl\/\" target=\"_blank\" rel=\"noopener\"><strong>Centrum Transferu Technologii CITTRU Uniwersytetu Jagiello\u0144skiego<\/strong><\/a><br \/>\nul. Bobrzy\u0144skiego 14<br \/>\n30-348 Krak\u00f3w<\/p>\n<p style=\"padding-left: 60px;\"><strong>Katarzyna Ma\u0142ek-Zi\u0119tek &#8211; Broker UJ<\/strong><br \/>\ntel&#46;&#58;&#43;&#32;&#52;&#56;&#x20;&#x31;&#x32;&#x20;&#x36;&#x36;&#x34; 42 &#49;&#53;&#32;&#47;&#32;&#x2b;&#x20;&#x34;&#x38;&#x20;&#x35;&#x31;&#x39; 307&#32;&#57;&#54;&#49;<br \/>\ne-m&#97;&#105;&#108;&#x3a;&#x6b;&#x61;&#x74;&#x61;&#x72;zyn&#97;&#46;&#109;&#97;&#x6c;&#x65;&#x6b;&#x2d;&#x7a;&#x69;ete&#107;&#64;&#117;&#x6a;&#x2e;&#x65;&#x64;&#x75;&#x2e;pl<\/p>\n<p style=\"padding-left: 60px;\">\n","protected":false},"excerpt":{"rendered":"<p>Badania Naukowe i Prace Badawcze Wszystkich zainteresowanych wsp\u00f3\u0142prac\u0105 lub udzia\u0142em w projekcie Storm&amp;DustNet prosimy o kontakt: Zak\u0142ad Do\u015bwiadczalnej Fizyki Komputerowej Instytut Fizyki im. Mariana Smoluchowskiego Wydzia\u0142 Fizyki, Astronomii i Informatyki Stosowanej Uniwersytet Jagiello\u0144ski ul. prof. Stanis\u0142awa \u0141ojasiewicza 11 30-348 Krak\u00f3w dr hab. in\u017c. Zenon Nieckarz, prof. UJ Wsparcie IT Centrum Informatyczno-Techniczne Wydzia\u0142 Fizyki, Astronomii i &#8230; <a title=\"Kontakt\" class=\"read-more\" href=\"https:\/\/tymoddycham.uj.edu.pl\/index.php\/kontakt\/\">Read more<span class=\"screen-reader-text\">Kontakt<\/span><\/a><\/p>\n","protected":false},"author":1,"featured_media":0,"parent":0,"menu_order":0,"comment_status":"closed","ping_status":"closed","template":"","meta":{"generate_page_header":"","footnotes":""},"class_list":["post-24","page","type-page","status-publish"],"_links":{"self":[{"href":"https:\/\/tymoddycham.uj.edu.pl\/index.php\/wp-json\/wp\/v2\/pages\/24","targetHints":{"allow":["GET"]}}],"collection":[{"href":"https:\/\/tymoddycham.uj.edu.pl\/index.php\/wp-json\/wp\/v2\/pages"}],"about":[{"href":"https:\/\/tymoddycham.uj.edu.pl\/index.php\/wp-json\/wp\/v2\/types\/page"}],"author":[{"embeddable":true,"href":"https:\/\/tymoddycham.uj.edu.pl\/index.php\/wp-json\/wp\/v2\/users\/1"}],"replies":[{"embeddable":true,"href":"https:\/\/tymoddycham.uj.edu.pl\/index.php\/wp-json\/wp\/v2\/comments?post=24"}],"version-history":[{"count":53,"href":"https:\/\/tymoddycham.uj.edu.pl\/index.php\/wp-json\/wp\/v2\/pages\/24\/revisions"}],"predecessor-version":[{"id":1826,"href":"https:\/\/tymoddycham.uj.edu.pl\/index.php\/wp-json\/wp\/v2\/pages\/24\/revisions\/1826"}],"wp:attachment":[{"href":"https:\/\/tymoddycham.uj.edu.pl\/index.php\/wp-json\/wp\/v2\/media?parent=24"}],"curies":[{"name":"wp","href":"https:\/\/api.w.org\/{rel}","templated":true}]}}