{"id":1225,"date":"2020-04-20T12:31:47","date_gmt":"2020-04-20T10:31:47","guid":{"rendered":"http:\/\/tymoddycham.uj.edu.pl\/?page_id=1225"},"modified":"2023-10-30T19:15:06","modified_gmt":"2023-10-30T18:15:06","slug":"contact","status":"publish","type":"page","link":"https:\/\/tymoddycham.uj.edu.pl\/index.php\/en\/contact\/","title":{"rendered":"Contact"},"content":{"rendered":"<h2><strong>Scientific Study and Research Works<\/strong><\/h2>\n<p style=\"padding-left: 30px;\">Everyone interested in cooperation or participation in the Storm &amp; DustNet project please contact:<\/p>\n<p style=\"padding-left: 30px;\"><strong>Department of Experimental Computer Physics<\/strong><br \/><strong>Marian Smoluchowski Institute of Physics<\/strong><br \/><strong>Faculty of Physics, Astronomy and Applied Computer Science Jagiellonian University<\/strong><br \/>ul. prof. Stanis\u0142awa \u0141ojasiewicza 11<br \/>30-348 Krakow, Poland<\/p>\n<p style=\"padding-left: 60px;\"><strong>dr hab. in\u017c. Zenon Nieckarz<\/strong><br \/>&#101;&#x2d;&#109;&#x61;i&#108;&#x3a;&#32;&#x7a;e&#x6e;o&#110;&#x2e;&#110;&#x69;e&#x63;&#x6b;&#97;&#x72;z&#x40;u&#106;&#x2e;&#101;&#x64;u&#x2e;p&#108;<\/p>\n<h2><strong>IT Technical Support<\/strong><\/h2>\n<p style=\"padding-left: 30px;\"><strong>IT and Technical Center<\/strong><br \/><strong>Faculty of Physics, Astronomy and Applied Computer Science of the Jagiellonian University<\/strong><br \/>ul. prof. Stanis\u0142awa \u0141ojasiewicza 11<br \/>30-348 Krakow, Poland<\/p>\n<p style=\"padding-left: 60px;\"><strong>mgr Nikodem Frodyma<\/strong><br \/>e&#45;&#109;&#x61;&#x69;l&#58;&#32;&#x6e;&#x69;&#x6b;o&#100;&#101;&#x6d;&#x2e;fr&#111;&#x64;&#x79;&#x6d;a&#64;&#117;&#x6a;&#x2e;ed&#117;&#x2e;&#x70;&#x6c;<\/p>\n<p>\u00a0<\/p>\n<p>\u00a0<\/p>\n<h2><strong>Technology Transfer and Collaboration with Economic Environment<\/strong><\/h2>\n<p style=\"padding-left: 30px;\"><a href=\"http:\/\/www.sciencemarket.pl\/?lang=en\"><strong>Centre for Technology Transfer CITTRU\u00a0of the Jagiellonian University<\/strong><\/a><br \/>ul. Bobrzy\u0144skiego 14<br \/>30-348 Krak\u00f3w<\/p>\n<p style=\"padding-left: 60px;\"><strong>Katarzyna Ma\u0142ek-Zi\u0119tek &#8211; Broker UJ<\/strong><br \/>&#116;e&#x6c;&#46;&#x3a;+&#x20;&#52;&#x38;&#32;&#x31;&#50; &#x36;6&#x34; &#x34;&#50;&#x20;&#49;&#x35;&#32;&#x2f;&#32;+&#x20;4&#x38; &#x35;&#49;&#x39;&#32;&#x33;&#48;&#x37;&#32;9&#x36;1<br \/>e-ma&#105;&#108;&#58;&#107;&#97;&#116;&#97;&#x72;&#x7a;&#x79;&#x6e;&#x61;&#x2e;&#x6d;&#x61;&#x6c;ek-z&#105;&#101;&#116;&#101;&#107;&#64;&#117;&#x6a;&#x2e;&#x65;&#x64;&#x75;&#x2e;&#x70;&#x6c;<\/p>\n<p style=\"padding-left: 60px;\"><strong>Agata B\u0142aszczyk-Pasteczka &#8211; Broker UJ<\/strong><br \/>&#116;e&#x6c;&#46;&#x3a;&#43;&#x20;&#52;&#x38;&#32;1&#x32; &#x36;&#54;&#x34;&#32;&#x34;&#50;&#x20;&#49;2&#x20;\/&#x20;&#43;&#x20;&#52;&#x38;&#32;5&#x30;6&#x20;&#48;&#x30;&#54;&#x20;&#53;&#x35;&#51;<br \/>&#x65;-&#x6d;&#97;&#x69;&#108;:&#x20;a&#x67;&#97;&#x74;&#97;&#46;&#x62;&#108;&#x61;&#115;z&#x63;z&#x79;&#107;&#x2d;&#112;a&#x73;t&#x65;&#99;&#x7a;&#x6b;a&#x40;&#117;&#x6a;&#46;e&#x64;u&#x2e;&#112;&#x6c;<\/p>\n<p>\u00a0<\/p>\n\n\n<p><\/p>\n","protected":false},"excerpt":{"rendered":"<p>Scientific Study and Research Works Everyone interested in cooperation or participation in the Storm &amp; DustNet project please contact: Department of Experimental Computer PhysicsMarian Smoluchowski Institute of PhysicsFaculty of Physics, Astronomy and Applied Computer Science Jagiellonian Universityul. prof. Stanis\u0142awa \u0141ojasiewicza 1130-348 Krakow, Poland dr hab. in\u017c. Zenon Nieckarz IT Technical Support IT and Technical CenterFaculty &#8230; <a title=\"Contact\" class=\"read-more\" href=\"https:\/\/tymoddycham.uj.edu.pl\/index.php\/en\/contact\/\">Read more<span class=\"screen-reader-text\">Contact<\/span><\/a><\/p>\n","protected":false},"author":1,"featured_media":0,"parent":0,"menu_order":0,"comment_status":"closed","ping_status":"closed","template":"","meta":{"generate_page_header":"","footnotes":""},"class_list":["post-1225","page","type-page","status-publish"],"_links":{"self":[{"href":"https:\/\/tymoddycham.uj.edu.pl\/index.php\/wp-json\/wp\/v2\/pages\/1225","targetHints":{"allow":["GET"]}}],"collection":[{"href":"https:\/\/tymoddycham.uj.edu.pl\/index.php\/wp-json\/wp\/v2\/pages"}],"about":[{"href":"https:\/\/tymoddycham.uj.edu.pl\/index.php\/wp-json\/wp\/v2\/types\/page"}],"author":[{"embeddable":true,"href":"https:\/\/tymoddycham.uj.edu.pl\/index.php\/wp-json\/wp\/v2\/users\/1"}],"replies":[{"embeddable":true,"href":"https:\/\/tymoddycham.uj.edu.pl\/index.php\/wp-json\/wp\/v2\/comments?post=1225"}],"version-history":[{"count":23,"href":"https:\/\/tymoddycham.uj.edu.pl\/index.php\/wp-json\/wp\/v2\/pages\/1225\/revisions"}],"predecessor-version":[{"id":1945,"href":"https:\/\/tymoddycham.uj.edu.pl\/index.php\/wp-json\/wp\/v2\/pages\/1225\/revisions\/1945"}],"wp:attachment":[{"href":"https:\/\/tymoddycham.uj.edu.pl\/index.php\/wp-json\/wp\/v2\/media?parent=1225"}],"curies":[{"name":"wp","href":"https:\/\/api.w.org\/{rel}","templated":true}]}}